{"id":336,"date":"2023-06-01T15:41:06","date_gmt":"2023-06-01T14:41:06","guid":{"rendered":"https:\/\/www.wearfire.de\/?page_id=336"},"modified":"2023-06-07T13:55:24","modified_gmt":"2023-06-07T12:55:24","slug":"ueber-uns","status":"publish","type":"page","link":"https:\/\/www.wearfire.de\/index.php\/ueber-uns\/","title":{"rendered":"\u00dcber uns"},"content":{"rendered":"\n<div style=\"height:60px\" aria-hidden=\"true\" class=\"wp-block-spacer\"><\/div>\n\n\n\n<h2 class=\"wp-block-heading has-text-align-center\" id=\"element_1634557643838\">Wer steckt eigentlich hinter der Marke Wearfire?<\/h2>\n\n\n\n<p class=\"has-text-align-center\" id=\"element_1634557643970\">Wir sind eine kleine Familie aus dem&nbsp;<em>M\u00fcnsterland<\/em>, mein Mann Bj\u00f6rn, unser Sohn Bruno und meine Wenigkeit Sophie.<\/p>\n\n\n\n<p class=\"has-text-align-center\" id=\"element_1634557643969\">Schon in jungen Jahren entdeckte Bj\u00f6rn seine&nbsp;<strong>Leidenschaft&nbsp;<\/strong>f\u00fcr die Feuerwehr. Bereits 1996 trat er im Alter von 13 Jahren in die&nbsp;<strong>Jugendfeuerwehr&nbsp;<\/strong>ein und war von Anfang an mit voller Begeisterung dabei. Zwei Jahre lang spielte Bj\u00f6rn sogar im Spielmannszug der Feuerwehr Lengerich die Marschtrommel. Als er allerdings mit 15 Jahren einen schweren Unfall hatte, h\u00f6rte er damit auf, blieb jedoch weiterhin der&nbsp;<strong>Freiwilligen Feuerwehr<\/strong>&nbsp;treu. Schlie\u00dflich wechselte er im Jahr 2000 in die aktive Wehr. Inzwischen hat er bereits den Dienstgrad des Hauptbrandmeisters erlangt und ist zudem Gruppenf\u00fchrer seiner Gruppe sowie Stadt-Jugendfeuerwehr-Wart bei der&nbsp;Freiwilligen Feuerwehr&nbsp;in Lengerich.<\/p>\n\n\n\n<p class=\"has-text-align-center\" id=\"element_1634557643968\">Nun zu mir, ich bin Sophie, die Frau hinter dem Feuerwehrmann. Ich k\u00fcmmere mich darum, die Ideen von Bj\u00f6rn umzusetzen und den Online-Shop zu verwalten. Und dann gibt es noch unseren Bruno, der mal Feuerwehrmann<strong>&nbsp;<\/strong>werden will wie sein gro\u00dfes Vorbild Papa.<\/p>\n\n\n\n<p class=\"has-text-align-center\" id=\"element_1634557643967\">Da Bj\u00f6rn durch und durch&nbsp;<strong>Feuerwehrmann<\/strong>&nbsp;ist und auch gerne in seiner&nbsp;<em>Freizeit&nbsp;<\/em>dazu passende Kleidung tr\u00e4gt, entstand die Idee selber Feuerwehr Kleidung zu entwerfen. Dabei ist es uns wichtig, das Thema Feuerwehr eher dezent und alltagstauglich auf unseren&nbsp;Shirts&nbsp;und&nbsp;Accessoires&nbsp;einzusetzen und zudem auch klassische Bekleidung wie das schlichte Poloshirt f\u00fcr den&nbsp;<em>Feuerwehrdienst&nbsp;<\/em>anzubieten. Somit haben wir im September 2020 Wearfire gegr\u00fcndet und beim Deutschen Patent-und Markenamt eintragen lassen.<\/p>\n\n\n\n<p class=\"has-text-align-center\" id=\"element_1634557643971\">Wir starten klein, aber fein mit einer exklusiven Auswahl an Shirts und werden unsere Kollektion nach und nach erweitern. Accessoires und Hoodies sind bereits in Planung und demn\u00e4chst in unserem Online-Shop f\u00fcr euch erh\u00e4ltlich!F\u00fcr Qualit\u00e4t sind wir&nbsp;<strong>Feuer und Flamme<\/strong>&nbsp;\u2013 unsere Textilien m\u00fcssen den hohen Anspr\u00fcchen der Feuerwehr gerecht werden. Dabei ist uns nicht nur wichtig, dass unsere Shirts optisch hochwertig aussehen, sondern auch angenehm zu tragen sind und vor allem auch strapazierf\u00e4hig sind und euch lange Freude bereiten.<\/p>\n\n\n\n<figure class=\"wp-block-image aligncenter size-full is-resized\"><img loading=\"lazy\" decoding=\"async\" src=\"https:\/\/www.wearfire.de\/idiwhogh\/2023\/05\/freiwillige-feuerwehr-spielmannszug-bjoern-berlemann-480x.jpg\" alt=\"\" class=\"wp-image-300\" width=\"360\" height=\"480\" srcset=\"https:\/\/www.wearfire.de\/idiwhogh\/2023\/05\/freiwillige-feuerwehr-spielmannszug-bjoern-berlemann-480x.jpg 360w, https:\/\/www.wearfire.de\/idiwhogh\/2023\/05\/freiwillige-feuerwehr-spielmannszug-bjoern-berlemann-480x-225x300.jpg 225w\" sizes=\"auto, (max-width: 360px) 100vw, 360px\" \/><\/figure>\n","protected":false},"excerpt":{"rendered":"<p>Wer steckt eigentlich hinter der Marke Wearfire? Wir sind eine kleine Familie aus dem&nbsp;M\u00fcnsterland, mein Mann Bj\u00f6rn, unser Sohn Bruno und meine Wenigkeit Sophie. Schon in jungen Jahren entdeckte Bj\u00f6rn seine&nbsp;Leidenschaft&nbsp;f\u00fcr die Feuerwehr. Bereits 1996 trat er im Alter von 13 Jahren in die&nbsp;Jugendfeuerwehr&nbsp;ein und war von Anfang an mit voller Begeisterung dabei. Zwei Jahre [&hellip;]<\/p>\n","protected":false},"author":1,"featured_media":0,"parent":0,"menu_order":0,"comment_status":"closed","ping_status":"closed","template":"","meta":{"footnotes":""},"class_list":["post-336","page","type-page","status-publish","hentry"],"blocksy_meta":[],"_links":{"self":[{"href":"https:\/\/www.wearfire.de\/index.php\/wp-json\/wp\/v2\/pages\/336","targetHints":{"allow":["GET"]}}],"collection":[{"href":"https:\/\/www.wearfire.de\/index.php\/wp-json\/wp\/v2\/pages"}],"about":[{"href":"https:\/\/www.wearfire.de\/index.php\/wp-json\/wp\/v2\/types\/page"}],"author":[{"embeddable":true,"href":"https:\/\/www.wearfire.de\/index.php\/wp-json\/wp\/v2\/users\/1"}],"replies":[{"embeddable":true,"href":"https:\/\/www.wearfire.de\/index.php\/wp-json\/wp\/v2\/comments?post=336"}],"version-history":[{"count":3,"href":"https:\/\/www.wearfire.de\/index.php\/wp-json\/wp\/v2\/pages\/336\/revisions"}],"predecessor-version":[{"id":416,"href":"https:\/\/www.wearfire.de\/index.php\/wp-json\/wp\/v2\/pages\/336\/revisions\/416"}],"wp:attachment":[{"href":"https:\/\/www.wearfire.de\/index.php\/wp-json\/wp\/v2\/media?parent=336"}],"curies":[{"name":"wp","href":"https:\/\/api.w.org\/{rel}","templated":true}]}}