{"id":430,"date":"2023-06-07T14:32:47","date_gmt":"2023-06-07T13:32:47","guid":{"rendered":"https:\/\/www.wearfire.de\/?page_id=430"},"modified":"2023-06-14T18:08:51","modified_gmt":"2023-06-14T17:08:51","slug":"feuerwehr-t-shirt-schlagwort","status":"publish","type":"page","link":"https:\/\/www.wearfire.de\/index.php\/feuerwehr-t-shirt-schlagwort\/","title":{"rendered":"Feuerwehr T-Shirt &#8220;SCHLAGwort&#8221;"},"content":{"rendered":"\n<div class=\"wp-block-group is-layout-constrained wp-block-group-is-layout-constrained\">\n<div style=\"height:50px\" aria-hidden=\"true\" class=\"wp-block-spacer\"><\/div>\n\n\n\n<h2 class=\"wp-block-heading\"><br>Feuerwehr T-Shirt &#8220;SCHLAGwort&#8221;<\/h2>\n\n\n\n<div class=\"wp-block-group is-layout-constrained wp-block-group-is-layout-constrained\">\n<div class=\"wp-block-media-text alignwide is-stacked-on-mobile is-vertically-aligned-top\" style=\"grid-template-columns:43% auto\"><figure class=\"wp-block-media-text__media\"><img loading=\"lazy\" decoding=\"async\" width=\"413\" height=\"604\" src=\"https:\/\/www.wearfire.de\/idiwhogh\/2023\/05\/feuerwehr-manner-t-shirt-french-navy-sw-back.png\" alt=\"\" class=\"wp-image-299 size-full\" srcset=\"https:\/\/www.wearfire.de\/idiwhogh\/2023\/05\/feuerwehr-manner-t-shirt-french-navy-sw-back.png 413w, https:\/\/www.wearfire.de\/idiwhogh\/2023\/05\/feuerwehr-manner-t-shirt-french-navy-sw-back-205x300.png 205w\" sizes=\"auto, (max-width: 413px) 100vw, 413px\" \/><\/figure><div class=\"wp-block-media-text__content\">\n<h3 class=\"wp-block-heading\"><strong>29,90 \u20ac<\/strong><\/h3>\n\n\n\n<p><strong><mark style=\"background-color:rgba(0, 0, 0, 0);color:#0693e3\" class=\"has-inline-color\">Kostenloser Versand <\/mark><\/strong>\ud83c\udf89<\/p>\n\n\n\n<p id=\"element_1634558497254\"><strong>Lieferzeit: 2-3 Werktage<\/strong><\/p>\n\n\n\n<p id=\"element_1634558497255\">Das schlagkr\u00e4ftige Wearfire Shirt SCHLAGwort, mit dem du dich als leidenschaftlicher Feuerwehrmann identifizieren kannst, reiht sich ein in unsere neue Feuerwehr-Kollektion. Das T-Shirt besteht aus 100% organischer, ringgesponnener, gek\u00e4mmter Baumwolle. Es handelt sich hierbei um einen sehr hochwertigen 180 GSM (180 g\/m\u00b2) Baumwollstoff, der nicht nur \u00d6ko \/ Vegan ist, sondern auch Fair Trade hergestellt wurde.<\/p>\n\n\n\n<p id=\"element_1634558497256\">Das French Navy blaue T-Shirt verf\u00fcgt \u00fcber einen dezenten Feuerwehr Schriftzug auf der linken Brust und einem gro\u00dfen zweifarbigen R\u00fcckenprint mit den SCHLAGw\u00f6rtern, die dich ausmachen: Teamwork &#8211; Brandschutz &#8211; 365 Tage, 7 Tage, 24 Stunden &#8211; Blaulicht &#8211; Helfer &#8211; K\u00e4mpfer &#8211; Kameradschaft &#8211; Sicherheit &#8211; Hero &#8211; Leidenschaft &#8211; einsatzbereit &#8211; retten, l\u00f6schen, bergen &#8211; 112 &#8211; Ehrenamt &#8211; Flammen.<\/p>\n\n\n\n<p id=\"element_1634558497257\">Front- und R\u00fcckenprint wurden in einem aufwendigen Siebdruckverfahren aufgebracht, was dir nicht nur einen angenehmen Tragekomfort gew\u00e4hrleistet, sondern auch eine lange Haltbarkeit des Feuerwehr-Motivs garantiert. Am Bund unten befindet sich das rote Wearfire Label.<\/p>\n\n\n\n<p id=\"element_1634558497258\">Du kannst dein Shirt ganz einfach bei 30 Grad in der Maschine waschen. Achte nur darauf, es vorher auf links zu drehen, genau wie beim B\u00fcgeln, damit du lange Freude daran hast!<\/p>\n\n\n\n<figure class=\"wp-block-table\"><table><tbody><tr><td><strong>Hersteller:<\/strong><\/td><td>Wearfire&nbsp;<\/td><\/tr><tr><td><strong>Material:&nbsp;<\/strong><\/td><td>100% Baumwolle&nbsp;<\/td><\/tr><tr><td><strong>Stoffgewicht:<\/strong><\/td><td>180 g\/m\u00b2 (GMS)&nbsp;<\/td><\/tr><tr><td><strong>Farbe:<\/strong><\/td><td>French Navy&nbsp;<\/td><\/tr><tr><td><strong>Aufdruck:<\/strong><\/td><td>Siebdruck&nbsp;<\/td><\/tr><tr><td><strong>Pflegehinweis:<\/strong><\/td><td>Maschinenw\u00e4sche 30\u00b0<\/td><\/tr><tr><td><strong>Gr\u00f6\u00dfen:<\/strong><\/td><td>S, M, L, XL, XXL, XXXL<\/td><\/tr><tr><td><strong>Inhalt:<\/strong><\/td><td>1 St\u00fcck<\/td><\/tr><\/tbody><\/table><\/figure>\n<\/div><\/div>\n<\/div>\n\n\n\n<div style=\"height:20px\" aria-hidden=\"true\" class=\"wp-block-spacer\"><\/div>\n\n\n\n<div class=\"wp-block-attire-blocks-buttons attire-blocks atbs-buttons\"><style id=\"atbs-buttons-842d29d4\">.atbs-buttons-wrapper-842d29d4 button{padding:10px 20px 10px 20px ;margin:10px 0px 10px 0px ;}<\/style><div class=\"attire-blocks atbs-buttons-wrapper-842d29d4\" style=\"text-align:right\"><style>.atbs-buttons-wrapper-842d29d4 .atbs-button-0:hover{background-color:#ffffff!important;}.atbs-buttons-wrapper-842d29d4 .atbs-button-0:hover span{color:#e2211c!important;}<\/style><button onclick=\"window.open('https:\/\/www.ebay.de\/itm\/204092266059','_blank')\" class=\"btn atbs-button-0\" style=\"border-width:1px;border-radius:5px;border-style:solid;border-color:#ff6600;background-color:#e2211c\"><span style=\"font-size:18px;font-weight:700;color:#ffffff;font-style:normal;text-transform:none\">Im Shop anzeigen<\/span><\/button><\/div><\/div>\n<\/div>\n","protected":false},"excerpt":{"rendered":"<p>Feuerwehr T-Shirt &#8220;SCHLAGwort&#8221; 29,90 \u20ac Kostenloser Versand \ud83c\udf89 Lieferzeit: 2-3 Werktage Das schlagkr\u00e4ftige Wearfire Shirt SCHLAGwort, mit dem du dich als leidenschaftlicher Feuerwehrmann identifizieren kannst, reiht sich ein in unsere neue Feuerwehr-Kollektion. Das T-Shirt besteht aus 100% organischer, ringgesponnener, gek\u00e4mmter Baumwolle. Es handelt sich hierbei um einen sehr hochwertigen 180 GSM (180 g\/m\u00b2) Baumwollstoff, der [&hellip;]<\/p>\n","protected":false},"author":1,"featured_media":0,"parent":0,"menu_order":0,"comment_status":"closed","ping_status":"closed","template":"","meta":{"footnotes":""},"class_list":["post-430","page","type-page","status-publish","hentry"],"blocksy_meta":[],"_links":{"self":[{"href":"https:\/\/www.wearfire.de\/index.php\/wp-json\/wp\/v2\/pages\/430","targetHints":{"allow":["GET"]}}],"collection":[{"href":"https:\/\/www.wearfire.de\/index.php\/wp-json\/wp\/v2\/pages"}],"about":[{"href":"https:\/\/www.wearfire.de\/index.php\/wp-json\/wp\/v2\/types\/page"}],"author":[{"embeddable":true,"href":"https:\/\/www.wearfire.de\/index.php\/wp-json\/wp\/v2\/users\/1"}],"replies":[{"embeddable":true,"href":"https:\/\/www.wearfire.de\/index.php\/wp-json\/wp\/v2\/comments?post=430"}],"version-history":[{"count":10,"href":"https:\/\/www.wearfire.de\/index.php\/wp-json\/wp\/v2\/pages\/430\/revisions"}],"predecessor-version":[{"id":551,"href":"https:\/\/www.wearfire.de\/index.php\/wp-json\/wp\/v2\/pages\/430\/revisions\/551"}],"wp:attachment":[{"href":"https:\/\/www.wearfire.de\/index.php\/wp-json\/wp\/v2\/media?parent=430"}],"curies":[{"name":"wp","href":"https:\/\/api.w.org\/{rel}","templated":true}]}}